{"id":1040,"date":"2020-01-03T14:46:48","date_gmt":"2020-01-03T14:46:48","guid":{"rendered":"https:\/\/voetbalschoolbequick1887.nl\/?page_id=1040"},"modified":"2023-01-01T21:26:04","modified_gmt":"2023-01-01T21:26:04","slug":"methode","status":"publish","type":"page","link":"https:\/\/www.keepersopleidingbequick1887.nl\/?page_id=1040","title":{"rendered":"Keepersopleiding Be Quick 1887"},"content":{"rendered":"<div data-elementor-type=\"wp-page\" data-elementor-id=\"1040\" class=\"elementor elementor-1040\" data-elementor-settings=\"[]\">\n\t\t\t\t\t\t<div class=\"elementor-inner\">\n\t\t\t\t\t\t\t<div class=\"elementor-section-wrap\">\n\t\t\t\t\t\t\t<section class=\"elementor-section elementor-top-section elementor-element elementor-element-e3bc9e5 elementor-section-boxed elementor-section-height-default elementor-section-height-default\" data-id=\"e3bc9e5\" data-element_type=\"section\">\n\t\t\t\t\t\t<div class=\"elementor-container elementor-column-gap-default\">\n\t\t\t\t\t\t\t<div class=\"elementor-row\">\n\t\t\t\t\t<div class=\"elementor-column elementor-col-100 elementor-top-column elementor-element elementor-element-f14cd55\" data-id=\"f14cd55\" data-element_type=\"column\">\n\t\t\t<div class=\"elementor-column-wrap elementor-element-populated\">\n\t\t\t\t\t\t\t<div class=\"elementor-widget-wrap\">\n\t\t\t\t\t\t<div class=\"elementor-element elementor-element-d19d527 elementor-widget elementor-widget-heading\" data-id=\"d19d527\" data-element_type=\"widget\" data-widget_type=\"heading.default\">\n\t\t\t\t<div class=\"elementor-widget-container\">\n\t\t\t<h2 class=\"elementor-heading-title elementor-size-default\">KEEPERSOPLEIDING BE QUICK 1887<\/h2>\t\t<\/div>\n\t\t\t\t<\/div>\n\t\t\t\t<div class=\"elementor-element elementor-element-708336c elementor-widget elementor-widget-text-editor\" data-id=\"708336c\" data-element_type=\"widget\" data-widget_type=\"text-editor.default\">\n\t\t\t\t<div class=\"elementor-widget-container\">\n\t\t\t\t\t\t\t\t<div class=\"elementor-text-editor elementor-clearfix\">\n\t\t\t\t<p>De keepersopleiding van Be Quick 1887 verzorgt de keepersspecifieke activiteiten die de keepers van de Be Quick 1887 opleiding krijgen aangeboden. Dit zijn voornamelijk de keeperstrainingen, maar bijvoorbeeld ook de individuele gesprekken en coaching en begeleiding voor onze keepers in de teamtrainingen. Daarnaast omvat het ook de samenwerking tussen de keeperstrainers, waarbij er op planmatige wijze een op leeftijd toegespitst programma wordt aangeboden met wekelijkse trainingen. Tot slot werken we binnen onze keepersopleiding nauw samen met de teamtrainers van de Be Quick 1887 opleiding. Hierbij gaat het over maatwerk in het programma dat we op trainingsavonden bieden, samenwerking in teamtrainingen, input voor ontwikkelgesprekken en advies bij selectiegerelateerde keuzes.<\/p>\t\t\t\t\t<\/div>\n\t\t\t\t\t\t<\/div>\n\t\t\t\t<\/div>\n\t\t\t\t\t\t<\/div>\n\t\t\t\t\t<\/div>\n\t\t<\/div>\n\t\t\t\t\t\t\t\t<\/div>\n\t\t\t\t\t<\/div>\n\t\t<\/section>\n\t\t\t\t<section class=\"elementor-section elementor-top-section elementor-element elementor-element-8028110 elementor-section-boxed elementor-section-height-default elementor-section-height-default\" data-id=\"8028110\" data-element_type=\"section\">\n\t\t\t\t\t\t<div class=\"elementor-container elementor-column-gap-default\">\n\t\t\t\t\t\t\t<div class=\"elementor-row\">\n\t\t\t\t\t<div class=\"elementor-column elementor-col-100 elementor-top-column elementor-element elementor-element-53e140f\" data-id=\"53e140f\" data-element_type=\"column\">\n\t\t\t<div class=\"elementor-column-wrap elementor-element-populated\">\n\t\t\t\t\t\t\t<div class=\"elementor-widget-wrap\">\n\t\t\t\t\t\t<section class=\"elementor-section elementor-inner-section elementor-element elementor-element-2ef3b3f elementor-section-boxed elementor-section-height-default elementor-section-height-default\" data-id=\"2ef3b3f\" data-element_type=\"section\">\n\t\t\t\t\t\t<div class=\"elementor-container elementor-column-gap-default\">\n\t\t\t\t\t\t\t<div class=\"elementor-row\">\n\t\t\t\t\t<div class=\"elementor-column elementor-col-50 elementor-inner-column elementor-element elementor-element-d7b1d42\" data-id=\"d7b1d42\" data-element_type=\"column\">\n\t\t\t<div class=\"elementor-column-wrap elementor-element-populated\">\n\t\t\t\t\t\t\t<div class=\"elementor-widget-wrap\">\n\t\t\t\t\t\t<div class=\"elementor-element elementor-element-cf43fb9 elementor-widget elementor-widget-text-editor\" data-id=\"cf43fb9\" data-element_type=\"widget\" data-widget_type=\"text-editor.default\">\n\t\t\t\t<div class=\"elementor-widget-container\">\n\t\t\t\t\t\t\t\t<div class=\"elementor-text-editor elementor-clearfix\">\n\t\t\t\t<p><strong>Methode en werkwijze<\/strong><\/p><p>We krijgen energie van het ontwikkelen van keepers. Hier onder beschrijven we kort hoe dit doen. In onze manier van werken leiden we graag keepers op die in wedstrijden een zo groot mogelijke bijdrage leveren aan hun team. Kortom, we willen keepers die in wedstrijden de kans op tegendoelpunten met het team zo klein mogelijk maakt en de kans op doelpunten scoren met het team zo groot mogelijk maakt.<\/p><p>We zijn onderdeel van de Be Quick 1887 opleiding. Dat betekent dat we veelal werken zoals de teams van Be Quick 1887 ook doen. Binnen deze kaders werken we volgens onze visie om keepers te ontwikkelen. Binnen de opleiding van Be Quick 1887 trainen we planmatig op de teamfuncties aanvallen, verdedigen en het omschakelen tussen deze twee teamfuncties. Deze planmatige werkwijze komt terug binnen onze keepersopleiding; als de teams van Be Quick in een bepaalde week trainen op de teamfunctie aanvallen, dan doen we dit in onze keeperstrainingen ook. Alle keepersthema\u2019s die we betrainen (zoals schoten op doel, terugspeelballen of diepteballen) plannen we gedurende het seizoen binnen de teamfuncties waarop de teams trainen. Dit geldt voor onze reguliere doordeweekse keeperstrainingen, maar ook voor de extra keeperstrainingen op zondagochtend.<\/p>\t\t\t\t\t<\/div>\n\t\t\t\t\t\t<\/div>\n\t\t\t\t<\/div>\n\t\t\t\t<div class=\"elementor-element elementor-element-c5679d6 elementor-widget elementor-widget-image\" data-id=\"c5679d6\" data-element_type=\"widget\" data-widget_type=\"image.default\">\n\t\t\t\t<div class=\"elementor-widget-container\">\n\t\t\t\t\t\t\t\t<div class=\"elementor-image\">\n\t\t\t\t\t\t\t\t\t\t\t\t<noscript><img src=\"https:\/\/www.keepersopleidingbequick1887.nl\/wp-content\/plugins\/elementor\/assets\/images\/placeholder.png\" title alt><\/noscript><img src=\"data:image\/gif;base64,R0lGODlhAQABAIAAAAAAAP\/\/\/yH5BAEAAAAALAAAAAABAAEAAAIBRAA7\" title alt data-src=\"https:\/\/www.keepersopleidingbequick1887.nl\/wp-content\/plugins\/elementor\/assets\/images\/placeholder.png\" class=\" lazyload\">\t\t\t\t\t\t\t\t\t\t\t\t\t\t<\/div>\n\t\t\t\t\t\t<\/div>\n\t\t\t\t<\/div>\n\t\t\t\t<div class=\"elementor-element elementor-element-09f7426 elementor-widget elementor-widget-text-editor\" data-id=\"09f7426\" data-element_type=\"widget\" data-widget_type=\"text-editor.default\">\n\t\t\t\t<div class=\"elementor-widget-container\">\n\t\t\t\t\t\t\t\t<div class=\"elementor-text-editor elementor-clearfix\">\n\t\t\t\t<p><strong>Onze keeperstrainers<\/strong><\/p>\n<p>De keepersopleiding van Be Quick 1887 wordt momenteel bemand met vier keeperstrainers; Robert Smit, die tevens de rol van keepersco\u00f6rdinator bekleedt, Sebastiaan Meijwaard, Liam Tyler en Luuk Oude Lansink. Met deze vier trainers worden de reguliere doordeweekse keeperstrainingen gedraaid. Daarnaast leiden ze in roulatie de extra keeperstrainingen op zondagochtend.<\/p>\n<p>Robert Smit(29) is \u00e9\u00e9n van onze vier keeperstrainers. Sinds seizoen 2018-2019 is hij als trainer betrokken bij de opleiding van Be Quick 1887. Naast zijn rol als trainer is hij co\u00f6rdinator van onze keepersopleiding. Robert begon op 15-jarige leeftijd als keeperstrainer bij vv Wildervank, de vereniging waar hij zelf ook ooit begon met voetballen. Dit heeft hij gedaan tot 2015. Sinds 2013 is Robert als keeperscoach actief bij de opleiding van FC Groningen. Robert speelt zelf ook nog als keeper, bij het eerste elftal van Be Quick 1887. Hiervoor kwam hij als keeper uit voor vv Nieuw Buinen, de opleiding van FC Groningen en vv Wildervank.<\/p><p>Sebastiaan Meijwaard<\/p><p>Luuk oude Lansink<\/p><p>Liam Tyler<\/p>\n<p><\/p>\n<p><em>(nog aanleveren: kort stukje tekst per trainer)<\/em><\/p>\t\t\t\t\t<\/div>\n\t\t\t\t\t\t<\/div>\n\t\t\t\t<\/div>\n\t\t\t\t\t\t<\/div>\n\t\t\t\t\t<\/div>\n\t\t<\/div>\n\t\t\t\t<div class=\"elementor-column elementor-col-50 elementor-inner-column elementor-element elementor-element-d757f45\" data-id=\"d757f45\" data-element_type=\"column\">\n\t\t\t<div class=\"elementor-column-wrap elementor-element-populated\">\n\t\t\t\t\t\t\t<div class=\"elementor-widget-wrap\">\n\t\t\t\t\t\t<div class=\"elementor-element elementor-element-7f5e038 elementor-widget elementor-widget-image\" data-id=\"7f5e038\" data-element_type=\"widget\" data-widget_type=\"image.default\">\n\t\t\t\t<div class=\"elementor-widget-container\">\n\t\t\t\t\t\t\t\t<div class=\"elementor-image\">\n\t\t\t\t\t\t\t\t\t\t\t\t<noscript><img src=\"https:\/\/www.keepersopleidingbequick1887.nl\/wp-content\/plugins\/elementor\/assets\/images\/placeholder.png\" title alt><\/noscript><img src=\"data:image\/gif;base64,R0lGODlhAQABAIAAAAAAAP\/\/\/yH5BAEAAAAALAAAAAABAAEAAAIBRAA7\" title alt data-src=\"https:\/\/www.keepersopleidingbequick1887.nl\/wp-content\/plugins\/elementor\/assets\/images\/placeholder.png\" class=\" lazyload\">\t\t\t\t\t\t\t\t\t\t\t\t\t\t<\/div>\n\t\t\t\t\t\t<\/div>\n\t\t\t\t<\/div>\n\t\t\t\t<div class=\"elementor-element elementor-element-47c2abd elementor-widget elementor-widget-text-editor\" data-id=\"47c2abd\" data-element_type=\"widget\" data-widget_type=\"text-editor.default\">\n\t\t\t\t<div class=\"elementor-widget-container\">\n\t\t\t\t\t\t\t\t<div class=\"elementor-text-editor elementor-clearfix\">\n\t\t\t\t<p><strong>Trainingsgroepen<\/strong><\/p><p>Voor onze reguliere doordeweekse keeperstrainingen werken we met een trainingsschema waarbij alle keepers \u00f3f twee korte keeperstrainingen, \u00f3f \u00e9\u00e9n langere keeperstraining in de week hebben. Voor elk trainingsmoment in dit trainingsschema proberen we in een aantal facetten variatie aan te brengen. We proberen trainingsgroepen z\u00f3 in te de delen dat er afwisselend in een grotere en in een kleinere groep getraind wordt. Dit doen we simpelweg door het ene trainingsmoment in de week voor een groter aantal keepers aan te bieden en het andere trainingsmoment in de week voor een kleiner aantal keepers, maar ook door de enkele trainingssessies met twee trainers aan te bieden waardoor we binnen een vaste trainingsgroep nog in sub-groepjes kunnen vari\u00ebren.<\/p><p>Voor keepers die op twee momenten in de week een keeperstraining hebben proberen we de trainingsgroepen zo in te richten dat er in het ene trainingsmoment wordt getraind met keepers van een leeftijdscategorie ouder, waardoor er een hoge mate van uitdaging ontstaat. In het andere trainingsmoment in de week wordt dan getraind met keepers van een leeftijdscategorie jonger, waardoor de kans op succeservaring groot is en we als trainers eisen kunnen stellen in het samenwerken met- en helpen van andere keepers.<\/p><p>Naast bovengenoemde voorbeelden proberen we op verschillende andere manieren voor variatie te zorgen. Hiermee ontwikkelen we het aanpassingsvermogen van onze keepers. In onze visie waarin we keepers willen opleiden die klaar zijn voor het moderne voetbal van de toekomst, dat volop in ontwikkeling is, denken we dat een goed aanpassingsvermogen een erg belangrijke competentie is. Daarom laten we onze jongste keepers in trainingen al op een laagdrempelige manier omgaan met verschillende vormen van variatie en verandering.<\/p>\t\t\t\t\t<\/div>\n\t\t\t\t\t\t<\/div>\n\t\t\t\t<\/div>\n\t\t\t\t<div class=\"elementor-element elementor-element-b96d2dd elementor-widget elementor-widget-text-editor\" data-id=\"b96d2dd\" data-element_type=\"widget\" data-widget_type=\"text-editor.default\">\n\t\t\t\t<div class=\"elementor-widget-container\">\n\t\t\t\t\t\t\t\t<div class=\"elementor-text-editor elementor-clearfix\">\n\t\t\t\t<p><strong>Contact<\/strong><\/p><p>Voor persoonlijk contact is keepersco\u00f6rdinator Robert Smit bereikbaar. Voor ieder die voor het eerst met ons in contact komt, zijn we te bereiken via;<\/p><p>E-mail: <a href=\"mailto:keepersopleiding@bequick1887.nl\">keepersopleiding@bequick1887.nl<\/a><\/p><p>Instagram: @BQkeepers<\/p>\t\t\t\t\t<\/div>\n\t\t\t\t\t\t<\/div>\n\t\t\t\t<\/div>\n\t\t\t\t\t\t<\/div>\n\t\t\t\t\t<\/div>\n\t\t<\/div>\n\t\t\t\t\t\t\t\t<\/div>\n\t\t\t\t\t<\/div>\n\t\t<\/section>\n\t\t\t\t\t\t<\/div>\n\t\t\t\t\t<\/div>\n\t\t<\/div>\n\t\t\t\t\t\t\t\t<\/div>\n\t\t\t\t\t<\/div>\n\t\t<\/section>\n\t\t\t\t\t\t<\/div>\n\t\t\t\t\t\t<\/div>\n\t\t\t\t\t<\/div>\n\t\t","protected":false},"excerpt":{"rendered":"<p>KEEPERSOPLEIDING BE QUICK 1887 De keepersopleiding van Be Quick 1887 verzorgt de keepersspecifieke activiteiten die de keepers van de Be Quick 1887 opleiding krijgen aangeboden. Dit zijn voornamelijk de keeperstrainingen, maar bijvoorbeeld ook de individuele gesprekken en coaching en begeleiding voor onze keepers in de teamtrainingen. Daarnaast omvat het ook de samenwerking tussen de keeperstrainers, [&hellip;]<\/p>\n","protected":false},"author":1,"featured_media":0,"parent":0,"menu_order":0,"comment_status":"closed","ping_status":"closed","template":"","meta":{"_monsterinsights_skip_tracking":false,"_monsterinsights_sitenote_active":false,"_monsterinsights_sitenote_note":"","_monsterinsights_sitenote_category":0,"spay_email":""},"_links":{"self":[{"href":"https:\/\/www.keepersopleidingbequick1887.nl\/index.php?rest_route=\/wp\/v2\/pages\/1040"}],"collection":[{"href":"https:\/\/www.keepersopleidingbequick1887.nl\/index.php?rest_route=\/wp\/v2\/pages"}],"about":[{"href":"https:\/\/www.keepersopleidingbequick1887.nl\/index.php?rest_route=\/wp\/v2\/types\/page"}],"author":[{"embeddable":true,"href":"https:\/\/www.keepersopleidingbequick1887.nl\/index.php?rest_route=\/wp\/v2\/users\/1"}],"replies":[{"embeddable":true,"href":"https:\/\/www.keepersopleidingbequick1887.nl\/index.php?rest_route=%2Fwp%2Fv2%2Fcomments&post=1040"}],"version-history":[{"count":57,"href":"https:\/\/www.keepersopleidingbequick1887.nl\/index.php?rest_route=\/wp\/v2\/pages\/1040\/revisions"}],"predecessor-version":[{"id":5776,"href":"https:\/\/www.keepersopleidingbequick1887.nl\/index.php?rest_route=\/wp\/v2\/pages\/1040\/revisions\/5776"}],"wp:attachment":[{"href":"https:\/\/www.keepersopleidingbequick1887.nl\/index.php?rest_route=%2Fwp%2Fv2%2Fmedia&parent=1040"}],"curies":[{"name":"wp","href":"https:\/\/api.w.org\/{rel}","templated":true}]}}